{"id":342,"date":"2017-08-18T14:47:37","date_gmt":"2017-08-18T12:47:37","guid":{"rendered":"http:\/\/animobil.be\/?page_id=342"},"modified":"2017-08-18T14:56:34","modified_gmt":"2017-08-18T12:56:34","slug":"liens-2","status":"publish","type":"page","link":"https:\/\/www.animobil.be\/index.php\/liens-2\/","title":{"rendered":"Liens"},"content":{"rendered":"<p><img loading=\"lazy\" decoding=\"async\" class=\"alignleft wp-image-330 size-medium\" src=\"http:\/\/animobil.be\/wp-content\/uploads\/2017\/08\/chien-admis-300x158.jpg\" alt=\"\" width=\"300\" height=\"158\" srcset=\"https:\/\/www.animobil.be\/wp-content\/uploads\/2017\/08\/chien-admis-300x158.jpg 300w, https:\/\/www.animobil.be\/wp-content\/uploads\/2017\/08\/chien-admis-768x405.jpg 768w, https:\/\/www.animobil.be\/wp-content\/uploads\/2017\/08\/chien-admis-600x316.jpg 600w, https:\/\/www.animobil.be\/wp-content\/uploads\/2017\/08\/chien-admis.jpg 778w\" sizes=\"(max-width: 300px) 100vw, 300px\" \/>Tous les lieux et activit\u00e9s o\u00f9 votre chien est accept\u00e9. Visites touristiques, vacances avec votre chien, h\u00f4tels, chambres d&rsquo;h\u00f4tes, restaurants, plages, pensions&#8230;<br \/>\nMais aussi des conseils de voyage, le guide chien admis, des adresses utiles, un calendrier des activit\u00e9s pour chiens, cimeti\u00e8res animaliers, refuges.<br \/>\n<a href=\"http:\/\/www.chien-admis.be\/\">http:\/\/www.chien-admis.be\/<br \/>\n<\/a><a href=\"https:\/\/www.facebook.com\/Chiens-admis-524420824245132\/\">https:\/\/www.facebook.com\/Chiens-admis-524420824245132\/<\/a><\/p>\n","protected":false},"excerpt":{"rendered":"<p>Tous les lieux et activit\u00e9s o\u00f9 votre chien est accept\u00e9. Visites touristiques, vacances avec votre chien, h\u00f4tels, chambres d&rsquo;h\u00f4tes, restaurants, plages, pensions&#8230; Mais aussi des conseils de voyage, le guide chien admis, des adresses utiles, un calendrier des activit\u00e9s pour&#8230; <a class=\"more-link\" href=\"https:\/\/www.animobil.be\/index.php\/liens-2\/\">Continue Reading &rarr;<\/a><\/p>\n","protected":false},"author":1,"featured_media":0,"parent":0,"menu_order":0,"comment_status":"closed","ping_status":"closed","template":"","meta":{"footnotes":""},"_links":{"self":[{"href":"https:\/\/www.animobil.be\/index.php\/wp-json\/wp\/v2\/pages\/342"}],"collection":[{"href":"https:\/\/www.animobil.be\/index.php\/wp-json\/wp\/v2\/pages"}],"about":[{"href":"https:\/\/www.animobil.be\/index.php\/wp-json\/wp\/v2\/types\/page"}],"author":[{"embeddable":true,"href":"https:\/\/www.animobil.be\/index.php\/wp-json\/wp\/v2\/users\/1"}],"replies":[{"embeddable":true,"href":"https:\/\/www.animobil.be\/index.php\/wp-json\/wp\/v2\/comments?post=342"}],"version-history":[{"count":3,"href":"https:\/\/www.animobil.be\/index.php\/wp-json\/wp\/v2\/pages\/342\/revisions"}],"predecessor-version":[{"id":348,"href":"https:\/\/www.animobil.be\/index.php\/wp-json\/wp\/v2\/pages\/342\/revisions\/348"}],"wp:attachment":[{"href":"https:\/\/www.animobil.be\/index.php\/wp-json\/wp\/v2\/media?parent=342"}],"curies":[{"name":"wp","href":"https:\/\/api.w.org\/{rel}","templated":true}]}}