{"id":390,"date":"2019-01-27T19:39:36","date_gmt":"2019-01-27T18:39:36","guid":{"rendered":"http:\/\/animobil.be\/?page_id=390"},"modified":"2019-01-27T19:41:23","modified_gmt":"2019-01-27T18:41:23","slug":"soins","status":"publish","type":"page","link":"https:\/\/www.animobil.be\/index.php\/soins\/","title":{"rendered":"Soins"},"content":{"rendered":"<p>En tant qu\u2019aide-soignante v\u00e9t\u00e9rinaire (ASV), j\u2019ai \u00e9t\u00e9 form\u00e9e \u00e0 aider les propri\u00e9taires, \u00e0 leur donner des conseils et \u00e0 faire le lien avec le v\u00e9t\u00e9rinaire. J\u2019ai \u00e9galement appris \u00e0 suivre les animaux lors des hospitalisations\u00a0et leur prodiguer des soins. Je suis continuellement en formation car il y a toujours des choses \u00e0 apprendre. L\u2019\u00e9volution de la m\u00e9decine et la place de l\u2019animal dans notre soci\u00e9t\u00e9 sont en perp\u00e9tuelle \u00e9volution et il faut pouvoir les suivre.<\/p>\n<p><strong>Soins<\/strong><\/p>\n<ul>\n<li>Suite \u00e0 une op\u00e9ration de votre animal de compagnie, je peux changer ses pansements, vous aider \u00e0 donner un traitement ou des soins.<\/li>\n<li>Vous devez vous absenter pendant un jour ou plus, je peux me charger du suivi des traitements de vos animaux.<\/li>\n<li>Je peux aussi couper les ongles des chiens, chats, lapins et oiseaux.<\/li>\n<li>Je peux contr\u00f4ler les dents de votre lapin.<\/li>\n<li>Je peux tondre votre chat<\/li>\n<li>Je peux \u00e9galement vous aider lors d&rsquo;un suivi d&rsquo;une port\u00e9e.<\/li>\n<\/ul>\n<p>En venant \u00e0 votre domicile, je peux aussi v\u00e9rifier\u00a0l\u2019\u00e9tat de votre animal et en r\u00e9f\u00e9rencer \u00e0 votre v\u00e9t\u00e9rinaire au besoin.<\/p>\n<p>Pour tous soins \u00e0 fournir \u00e0 votre animal, vous vous engagez \u00e0 nous mettre en contact avec votre v\u00e9t\u00e9rinaire traitant.<br \/>\nAinsi que d&rsquo;attester que vous nous d\u00e9l\u00e9guez les soins durant votre absence.<\/p>\n<p class=\"x_MsoNormal\"><strong>Formation<\/strong><\/p>\n<ul>\n<li class=\"x_MsoNormal\">Formation au centre\u00a0v\u00e9t\u00e9rinaire du bois de Bouge \u00e0 Namur sous les ordres des v\u00e9t\u00e9rinaires Xavier Ramboux et H\u00e9l\u00e8ne Biller<\/li>\n<li class=\"x_MsoNormal\">Formation continue comme assistante v\u00e9t\u00e9rinaire \u00e0 l&rsquo;IEPSCF Namur Cadets<\/li>\n<li class=\"x_MsoNormal\">Stage au\u00a0centre v\u00e9t\u00e9rinaire Animalliance \u00e0 Enghien sous le ordre du v\u00e9t\u00e9rinaire Stefan Degallaix<\/li>\n<li class=\"x_MsoNormal\"><a class=\"_2wma\" href=\"https:\/\/www.facebook.com\/academyvet\/?ref=page_internal\">Formation Premiers Secours Chiens et Chats<\/a><\/li>\n<li>Remplacement \u00e0 la clinique v\u00e9t\u00e9rinaire du SHU \u00e0 Ath sous les ordres des v\u00e9t\u00e9rinaires Vincent Louvrier et Marie-Aur\u00e9lie Maton<\/li>\n<\/ul>\n<p>&nbsp;<\/p>\n","protected":false},"excerpt":{"rendered":"<p>En tant qu\u2019aide-soignante v\u00e9t\u00e9rinaire (ASV), j\u2019ai \u00e9t\u00e9 form\u00e9e \u00e0 aider les propri\u00e9taires, \u00e0 leur donner des conseils et \u00e0 faire le lien avec le v\u00e9t\u00e9rinaire. J\u2019ai \u00e9galement appris \u00e0 suivre les animaux lors des hospitalisations\u00a0et leur prodiguer des soins. Je&#8230; <a class=\"more-link\" href=\"https:\/\/www.animobil.be\/index.php\/soins\/\">Continue Reading &rarr;<\/a><\/p>\n","protected":false},"author":1,"featured_media":0,"parent":0,"menu_order":0,"comment_status":"closed","ping_status":"closed","template":"","meta":{"footnotes":""},"_links":{"self":[{"href":"https:\/\/www.animobil.be\/index.php\/wp-json\/wp\/v2\/pages\/390"}],"collection":[{"href":"https:\/\/www.animobil.be\/index.php\/wp-json\/wp\/v2\/pages"}],"about":[{"href":"https:\/\/www.animobil.be\/index.php\/wp-json\/wp\/v2\/types\/page"}],"author":[{"embeddable":true,"href":"https:\/\/www.animobil.be\/index.php\/wp-json\/wp\/v2\/users\/1"}],"replies":[{"embeddable":true,"href":"https:\/\/www.animobil.be\/index.php\/wp-json\/wp\/v2\/comments?post=390"}],"version-history":[{"count":3,"href":"https:\/\/www.animobil.be\/index.php\/wp-json\/wp\/v2\/pages\/390\/revisions"}],"predecessor-version":[{"id":393,"href":"https:\/\/www.animobil.be\/index.php\/wp-json\/wp\/v2\/pages\/390\/revisions\/393"}],"wp:attachment":[{"href":"https:\/\/www.animobil.be\/index.php\/wp-json\/wp\/v2\/media?parent=390"}],"curies":[{"name":"wp","href":"https:\/\/api.w.org\/{rel}","templated":true}]}}