{"id":51,"date":"2017-04-19T11:09:39","date_gmt":"2017-04-19T09:09:39","guid":{"rendered":"http:\/\/animobil.be\/?page_id=51"},"modified":"2025-01-09T21:55:27","modified_gmt":"2025-01-09T20:55:27","slug":"conseils","status":"publish","type":"page","link":"https:\/\/www.animobil.be\/","title":{"rendered":"Ani&rsquo;Motel : pension chiens et chats"},"content":{"rendered":"<div data-offset-key=\"4lqvg-0-0\">\n<div style=\"width: 676px;\" class=\"wp-video\"><!--[if lt IE 9]><script>document.createElement('video');<\/script><![endif]-->\n<video class=\"wp-video-shortcode\" id=\"video-51-1\" width=\"676\" height=\"380\" preload=\"metadata\" controls=\"controls\"><source type=\"video\/mp4\" src=\"https:\/\/www.animobil.be\/wp-content\/uploads\/2022\/11\/AniMotel.mp4?_=1\" \/><a href=\"https:\/\/www.animobil.be\/wp-content\/uploads\/2022\/11\/AniMotel.mp4\">https:\/\/www.animobil.be\/wp-content\/uploads\/2022\/11\/AniMotel.mp4<\/a><\/video><\/div>\n<\/div>\n<div data-offset-key=\"4lqvg-0-0\"><\/div>\n<div data-offset-key=\"4lqvg-0-0\"><\/div>\n<div class=\"public-DraftStyleDefault-block public-DraftStyleDefault-ltr\" data-offset-key=\"4lqvg-0-0\"><span data-offset-key=\"4lqvg-0-0\">Mais <\/span><span data-offset-key=\"4lqvg-0-1\">Ani&rsquo;Mobil<\/span><span data-offset-key=\"4lqvg-0-2\"> ne repr\u00e9sente qu&rsquo;une premi\u00e8re partie de mon projet global. La deuxi\u00e8me phase est l&rsquo;ouverture d&rsquo;une <\/span><span data-offset-key=\"4lqvg-0-3\">pension<\/span><span data-offset-key=\"4lqvg-0-4\"> et d&rsquo;un<\/span><span data-offset-key=\"4lqvg-0-5\"> centre de convalescence<\/span><span data-offset-key=\"4lqvg-0-6\"> pour chiens et chats : <\/span><span data-offset-key=\"4lqvg-0-7\">Ani&rsquo;Motel<\/span><span data-offset-key=\"4lqvg-0-8\">. Quand les vacances se profilent \u00e0 l&rsquo;horizon ou que vous voulez partir quelques jours, il n&rsquo;est pas toujours facile de trouver quelqu&rsquo;un pour s&rsquo;occuper de votre compagnon \u00e0 quatre pattes. \u00c0 chaque fois, c\u2019est la m\u00eame gal\u00e8re. On a le choix entre: le copain qu\u2019on pr\u00e9f\u00e8re ne pas trop solliciter pour qu\u2019il reste un bon copain, les parents ou enfants qui passeront vite \u00e0 la maison ou la gentille dame du quartier qui s&rsquo;occupe d\u00e9j\u00e0 de 10 autres animaux. Et ce probl\u00e8me est d\u00e9cupl\u00e9 lorsque votre compagnon est <\/span><span data-offset-key=\"4lqvg-0-9\">sous traitement<\/span><span data-offset-key=\"4lqvg-0-10\">.<\/span><\/div>\n<div class=\"public-DraftStyleDefault-block public-DraftStyleDefault-ltr\" data-offset-key=\"2p906-0-0\"><span data-offset-key=\"2p906-0-0\">Et si <\/span><span data-offset-key=\"2p906-0-1\">la solution<\/span><span data-offset-key=\"2p906-0-2\"> se nommait <\/span><span data-offset-key=\"2p906-0-3\">Ani&rsquo;Motel<\/span><span data-offset-key=\"2p906-0-4\">. Une pension <\/span><span data-offset-key=\"2p906-0-5\">\u00e0 la campagne<\/span><span data-offset-key=\"2p906-0-6\"> o\u00f9 votre boule de poils sera trait\u00e9e comme un roi ou une reine avec <\/span><span data-offset-key=\"2p906-0-7\">une aide-soignante v\u00e9t\u00e9rinaire \u00e0 demeure<\/span><span data-offset-key=\"2p906-0-8\"><span data-offset-key=\"2p906-0-8\">.<\/span><\/span><\/div>\n<div class=\"public-DraftStyleDefault-block public-DraftStyleDefault-ltr\" data-offset-key=\"2p906-0-0\"><span data-offset-key=\"2p906-0-8\"><img decoding=\"async\" class=\"aligncenter\" src=\"https:\/\/d3v4jsc54141g1.cloudfront.net\/uploads\/project\/avatar\/129333\/large_AniMotel-1545999734.png\" alt=\"Visuel du projet Ani'Motel : une pension et un centre de convalescence pour chiens et chats\" \/><\/span><\/div>\n<div data-offset-key=\"92ri1-0-0\"><\/div>\n<div data-offset-key=\"92ri1-0-0\"><\/div>\n<div data-offset-key=\"92ri1-0-0\"><\/div>\n<div class=\"public-DraftStyleDefault-block public-DraftStyleDefault-ltr\" data-offset-key=\"92ri1-0-0\"><strong>POUR LES F\u00c9LINS<\/strong><span data-offset-key=\"92ri1-0-1\"><strong>,<\/strong> une structure ind\u00e9pendante contenant des chambres individualis\u00e9es avec de multi-niveaux qui leur permettront de se sentir bien. Mais aussi pour les f\u00e9lins sociabilis\u00e9s, une <\/span><span data-offset-key=\"92ri1-0-2\">salle de jeux<\/span><span data-offset-key=\"92ri1-0-3\"> commune pour se d\u00e9gourdir les pattes et faire des rencontres.<\/span><\/div>\n<div data-offset-key=\"92ri1-0-0\"><\/div>\n<div data-offset-key=\"92ri1-0-0\"><\/div>\n<div class=\"public-DraftStyleDefault-block public-DraftStyleDefault-ltr\" data-offset-key=\"dmb48-0-0\"><span data-offset-key=\"dmb48-0-0\">&#8211; La pension pour chats :<\/span><\/div>\n<figure class=\"\" data-block=\"true\" data-editor=\"5klsg\" data-offset-key=\"f0gqj-0-0\">\n<div class=\"public-DraftStyleDefault-block public-DraftStyleDefault-ltr\" data-offset-key=\"f0gqj-0-0\">\n<div><img loading=\"lazy\" decoding=\"async\" class=\"alignnone  wp-image-422\" src=\"http:\/\/animobil.be\/wp-content\/uploads\/2020\/03\/62232840_1562631337203197_2950190164921548800_o-300x225.jpg\" alt=\"\" width=\"265\" height=\"199\" srcset=\"https:\/\/www.animobil.be\/wp-content\/uploads\/2020\/03\/62232840_1562631337203197_2950190164921548800_o-300x225.jpg 300w, https:\/\/www.animobil.be\/wp-content\/uploads\/2020\/03\/62232840_1562631337203197_2950190164921548800_o-1024x768.jpg 1024w, https:\/\/www.animobil.be\/wp-content\/uploads\/2020\/03\/62232840_1562631337203197_2950190164921548800_o-768x576.jpg 768w, https:\/\/www.animobil.be\/wp-content\/uploads\/2020\/03\/62232840_1562631337203197_2950190164921548800_o-1536x1152.jpg 1536w, https:\/\/www.animobil.be\/wp-content\/uploads\/2020\/03\/62232840_1562631337203197_2950190164921548800_o-945x709.jpg 945w, https:\/\/www.animobil.be\/wp-content\/uploads\/2020\/03\/62232840_1562631337203197_2950190164921548800_o-600x450.jpg 600w, https:\/\/www.animobil.be\/wp-content\/uploads\/2020\/03\/62232840_1562631337203197_2950190164921548800_o.jpg 1944w\" sizes=\"(max-width: 265px) 100vw, 265px\" \/> <img loading=\"lazy\" decoding=\"async\" class=\"alignnone size-medium wp-image-423\" src=\"http:\/\/animobil.be\/wp-content\/uploads\/2020\/03\/67402043_1607386539394343_626680709678891008_n.jpg\" alt=\"\" width=\"200\" height=\"200\" srcset=\"https:\/\/www.animobil.be\/wp-content\/uploads\/2020\/03\/67402043_1607386539394343_626680709678891008_n.jpg 200w, https:\/\/www.animobil.be\/wp-content\/uploads\/2020\/03\/67402043_1607386539394343_626680709678891008_n-150x150.jpg 150w\" sizes=\"(max-width: 200px) 100vw, 200px\" \/> <img loading=\"lazy\" decoding=\"async\" class=\"size-medium wp-image-424 alignnone\" src=\"http:\/\/animobil.be\/wp-content\/uploads\/2020\/03\/67599280_1607386739394323_8699021590177775616_n-225x300.jpg\" alt=\"\" width=\"225\" height=\"300\" srcset=\"https:\/\/www.animobil.be\/wp-content\/uploads\/2020\/03\/67599280_1607386739394323_8699021590177775616_n-225x300.jpg 225w, https:\/\/www.animobil.be\/wp-content\/uploads\/2020\/03\/67599280_1607386739394323_8699021590177775616_n-600x800.jpg 600w, https:\/\/www.animobil.be\/wp-content\/uploads\/2020\/03\/67599280_1607386739394323_8699021590177775616_n.jpg 720w\" sizes=\"(max-width: 225px) 100vw, 225px\" \/> <img loading=\"lazy\" decoding=\"async\" class=\"size-medium wp-image-425 alignnone\" src=\"http:\/\/animobil.be\/wp-content\/uploads\/2020\/03\/88268519_1819720581494270_5969556121084493824_n-225x300.jpg\" alt=\"\" width=\"225\" height=\"300\" srcset=\"https:\/\/www.animobil.be\/wp-content\/uploads\/2020\/03\/88268519_1819720581494270_5969556121084493824_n-225x300.jpg 225w, https:\/\/www.animobil.be\/wp-content\/uploads\/2020\/03\/88268519_1819720581494270_5969556121084493824_n-600x800.jpg 600w, https:\/\/www.animobil.be\/wp-content\/uploads\/2020\/03\/88268519_1819720581494270_5969556121084493824_n.jpg 720w\" sizes=\"(max-width: 225px) 100vw, 225px\" \/><\/div>\n<\/div>\n<\/figure>\n<div class=\"public-DraftStyleDefault-block public-DraftStyleDefault-ltr\" data-offset-key=\"ci430-0-0\">\n<p><strong>POUR LES CANINS<\/strong><span data-offset-key=\"ci430-0-1\"><strong>,<\/strong> des espaces (int\u00e9rieurs ou ext\u00e9rieurs) individualis\u00e9s adapt\u00e9s \u00e0 leurs besoins et un acc\u00e8s \u00e0 un <\/span><span data-offset-key=\"ci430-0-2\">tr\u00e8s grand jardin<\/span><span data-offset-key=\"ci430-0-3\">, une <\/span><span data-offset-key=\"ci430-0-4\">zone de jeux<\/span><span data-offset-key=\"ci430-0-5\"> et de d\u00e9foulement. De vraies vacances \u00e0 la campagne.<\/span><\/p>\n<\/div>\n<div data-offset-key=\"ci430-0-0\"><\/div>\n<div data-offset-key=\"ci430-0-0\"><\/div>\n<div class=\"public-DraftStyleDefault-block public-DraftStyleDefault-ltr\" data-offset-key=\"7j29p-0-0\"><span data-offset-key=\"7j29p-0-0\">&#8211; L&rsquo;espace int\u00e9rieur canin :<\/span><\/div>\n<figure class=\"\" data-block=\"true\" data-editor=\"5klsg\" data-offset-key=\"bc620-0-0\">\n<div class=\"public-DraftStyleDefault-block public-DraftStyleDefault-ltr\" data-offset-key=\"bc620-0-0\">\n<div><img loading=\"lazy\" decoding=\"async\" class=\"wp-image-426 alignnone\" src=\"http:\/\/animobil.be\/wp-content\/uploads\/2020\/03\/63772259_432212150952081_5580355981541376000_n-300x225.jpg\" alt=\"\" width=\"238\" height=\"178\" srcset=\"https:\/\/www.animobil.be\/wp-content\/uploads\/2020\/03\/63772259_432212150952081_5580355981541376000_n-300x225.jpg 300w, https:\/\/www.animobil.be\/wp-content\/uploads\/2020\/03\/63772259_432212150952081_5580355981541376000_n-768x576.jpg 768w, https:\/\/www.animobil.be\/wp-content\/uploads\/2020\/03\/63772259_432212150952081_5580355981541376000_n-945x709.jpg 945w, https:\/\/www.animobil.be\/wp-content\/uploads\/2020\/03\/63772259_432212150952081_5580355981541376000_n-600x450.jpg 600w, https:\/\/www.animobil.be\/wp-content\/uploads\/2020\/03\/63772259_432212150952081_5580355981541376000_n.jpg 960w\" sizes=\"(max-width: 238px) 100vw, 238px\" \/> <img loading=\"lazy\" decoding=\"async\" class=\"wp-image-427 alignnone\" src=\"http:\/\/animobil.be\/wp-content\/uploads\/2020\/03\/86467520_2543878549189292_3584036576562249728_n-300x225.jpg\" alt=\"\" width=\"240\" height=\"180\" srcset=\"https:\/\/www.animobil.be\/wp-content\/uploads\/2020\/03\/86467520_2543878549189292_3584036576562249728_n-300x225.jpg 300w, https:\/\/www.animobil.be\/wp-content\/uploads\/2020\/03\/86467520_2543878549189292_3584036576562249728_n-1024x768.jpg 1024w, https:\/\/www.animobil.be\/wp-content\/uploads\/2020\/03\/86467520_2543878549189292_3584036576562249728_n-768x576.jpg 768w, https:\/\/www.animobil.be\/wp-content\/uploads\/2020\/03\/86467520_2543878549189292_3584036576562249728_n-1536x1153.jpg 1536w, https:\/\/www.animobil.be\/wp-content\/uploads\/2020\/03\/86467520_2543878549189292_3584036576562249728_n-945x709.jpg 945w, https:\/\/www.animobil.be\/wp-content\/uploads\/2020\/03\/86467520_2543878549189292_3584036576562249728_n-600x450.jpg 600w, https:\/\/www.animobil.be\/wp-content\/uploads\/2020\/03\/86467520_2543878549189292_3584036576562249728_n.jpg 1919w\" sizes=\"(max-width: 240px) 100vw, 240px\" \/><\/div>\n<\/div>\n<\/figure>\n<div class=\"public-DraftStyleDefault-block public-DraftStyleDefault-ltr\" data-offset-key=\"76pni-0-0\"><span data-offset-key=\"76pni-0-0\">Ani&rsquo;Motel <\/span><span data-offset-key=\"76pni-0-1\">se voudra aussi <\/span><span data-offset-key=\"76pni-0-2\">UN CENTRE DE CONVALESCENCE<\/span><span data-offset-key=\"76pni-0-3\"> pour les chiens et les chats. Votre animal doit suivre un traitement apr\u00e8s une op\u00e9ration, rester sous surveillance, les espaces chez votre v\u00e9t\u00e9rinaire sont limit\u00e9s et il n&rsquo;est pas toujours simple de prendre cong\u00e9. Pas de probl\u00e8me, une zone sp\u00e9cifique sera d\u00e9di\u00e9e \u00e0 cet effet. Et comme aide-soignante v\u00e9t\u00e9rinaire, je suis form\u00e9e pour assurer le suivi en partenariat avec votre v\u00e9t\u00e9rinaire.<\/span><\/div>\n<div data-offset-key=\"7ug6f-0-0\"><\/div>\n<h4 class=\"public-DraftStyleDefault-block public-DraftStyleDefault-ltr\" data-offset-key=\"7ug6f-0-0\"><strong>Les atouts d&rsquo;Ani&rsquo;Motel<\/strong><\/h4>\n<div class=\"public-DraftStyleDefault-block public-DraftStyleDefault-ltr\" data-offset-key=\"7ug6f-0-0\"><span data-offset-key=\"7ug6f-0-1\">&#8211; Une pension \u00e0 <\/span><span data-offset-key=\"7ug6f-0-2\">taille humaine<\/span><span data-offset-key=\"7ug6f-0-3\">, \u00e0 la campagne et install\u00e9e \u00e0 c\u00f4t\u00e9 de mon domicile. <\/span><\/div>\n<div class=\"public-DraftStyleDefault-block public-DraftStyleDefault-ltr\" data-offset-key=\"7ug6f-0-0\"><span data-offset-key=\"7ug6f-0-3\">&#8211; Des infrastructures s\u00e9par\u00e9es pour les chiens et les chats. <\/span><\/div>\n<div class=\"public-DraftStyleDefault-block public-DraftStyleDefault-ltr\" data-offset-key=\"7ug6f-0-0\"><span data-offset-key=\"7ug6f-0-3\">&#8211; Une <\/span><span data-offset-key=\"7ug6f-0-4\">aide-soignante v\u00e9t\u00e9rinaire<\/span><span data-offset-key=\"7ug6f-0-5\"> qui s&rsquo;occupe de vos compagnons. <\/span><\/div>\n<div class=\"public-DraftStyleDefault-block public-DraftStyleDefault-ltr\" data-offset-key=\"7ug6f-0-0\"><span data-offset-key=\"7ug6f-0-5\">&#8211; Des <\/span><span data-offset-key=\"7ug6f-0-6\">chambres individualis\u00e9es<\/span><span data-offset-key=\"7ug6f-0-7\">. <\/span><\/div>\n<div class=\"public-DraftStyleDefault-block public-DraftStyleDefault-ltr\" data-offset-key=\"7ug6f-0-0\"><span data-offset-key=\"7ug6f-0-7\">&#8211; Un accord avec un v\u00e9t\u00e9rinaire-r\u00e9f\u00e9rent en cas de probl\u00e8me. <\/span><\/div>\n<div class=\"public-DraftStyleDefault-block public-DraftStyleDefault-ltr\" data-offset-key=\"7ug6f-0-0\"><span data-offset-key=\"7ug6f-0-7\">&#8211; L&rsquo;exp\u00e9rience du travail avec les animaux. <\/span><\/div>\n<div class=\"public-DraftStyleDefault-block public-DraftStyleDefault-ltr\" data-offset-key=\"7ug6f-0-0\"><span data-offset-key=\"7ug6f-0-7\">&#8211; Le <\/span><span data-offset-key=\"7ug6f-0-8\">transport<\/span><span data-offset-key=\"7ug6f-0-9\"> par <\/span><span data-offset-key=\"7ug6f-0-10\">Ani&rsquo;Mobil<\/span><span data-offset-key=\"7ug6f-0-11\"> si vous le souhaitez. <\/span><\/div>\n<div class=\"public-DraftStyleDefault-block public-DraftStyleDefault-ltr\" data-offset-key=\"7ug6f-0-0\"><span data-offset-key=\"7ug6f-0-11\">&#8211; Mais surtout, une passion pour le bien-\u00eatre des animaux.<\/span><\/div>\n<div data-offset-key=\"7ug6f-0-0\"><\/div>\n<h3 class=\"public-DraftStyleDefault-block public-DraftStyleDefault-ltr\" data-offset-key=\"er7p1-0-0\"><span data-offset-key=\"er7p1-0-0\">Partez l&rsquo;esprit tranquille, votre boule de poils est entre de bonnes mains.<\/span><\/h3>\n<div data-offset-key=\"er7p1-0-0\"><\/div>\n<h3 class=\"public-DraftStyleDefault-block public-DraftStyleDefault-ltr\" data-offset-key=\"cp4f4-0-0\"><span data-offset-key=\"cp4f4-0-0\">NOTRE PROJET<\/span><\/h3>\n<div class=\"public-DraftStyleDefault-block public-DraftStyleDefault-ltr\" data-offset-key=\"cp4f4-0-0\"><span data-offset-key=\"cp4f4-0-1\">Apr\u00e8s des mois de recherche, nous avons trouv\u00e9 l&rsquo;endroit id\u00e9al pour nous installer et d\u00e9velopper <\/span><span data-offset-key=\"cp4f4-0-2\">Ani&rsquo;Motel<\/span><span data-offset-key=\"cp4f4-0-3\">. C&rsquo;est dans la campagne de Hoves (commune de Silly) \u00e0 trois kilom\u00e8tres d&rsquo;Enghien et seulement \u00e0 30 minutes de Bruxelles que na\u00eetra ce magnifique lieu de vill\u00e9giature pour les chiens et les chats. Nous avons achet\u00e9 cette<\/span><span data-offset-key=\"cp4f4-0-4\"> ancienne fermette <\/span><span data-offset-key=\"cp4f4-0-5\">qui poss\u00e8de un magnifique terrain et une \u00e2me. Il faut maintenant trouver les fonds suppl\u00e9mentaires \u00e0 ceux que nous poss\u00e9dons d\u00e9j\u00e0 pour effectuer les transformations et les am\u00e9nagements. Et c&rsquo;est l\u00e0 que vous intervenez via la collecte. Si tout se passe bien, nous esp\u00e9rons ouvrir \u00e0 l&rsquo;\u00e9t\u00e9 2019&#8230;<\/span><\/div>\n<div data-offset-key=\"cp4f4-0-0\"><\/div>\n<h3 data-offset-key=\"cp4f4-0-0\">NOS TARIFS<\/h3>\n<div data-offset-key=\"cp4f4-0-0\">\n<p>Chien &lt; 10 kg = 21\u20ac<br \/>\nChien entre 10 kg et 20 kg = 23\u20ac<br \/>\nChien entre 20 kg et 35 kg = 25\u20ac<br \/>\nChien entre 35 kg et 55 kg = 28\u20ac<br \/>\nChien &gt; 55 kg = 29\u20ac<br \/>\nChat = 14\u20ac<\/p>\n<p>Nourriture Royal Canin comprise<\/p>\n<p>&#8211; 3\u20ac pour un deuxi\u00e8me chat logeant ensemble<br \/>\n&#8211; 4\u20ac pour un deuxi\u00e8me chien logeant ensemble<\/p>\n<\/div>\n<div data-offset-key=\"cp4f4-0-0\"><\/div>\n","protected":false},"excerpt":{"rendered":"<p>Mais Ani&rsquo;Mobil ne repr\u00e9sente qu&rsquo;une premi\u00e8re partie de mon projet global. La deuxi\u00e8me phase est l&rsquo;ouverture d&rsquo;une pension et d&rsquo;un centre de convalescence pour chiens et chats : Ani&rsquo;Motel. Quand les vacances se profilent \u00e0 l&rsquo;horizon ou que vous voulez&#8230; <a class=\"more-link\" href=\"https:\/\/www.animobil.be\/\">Continue Reading &rarr;<\/a><\/p>\n","protected":false},"author":1,"featured_media":0,"parent":0,"menu_order":0,"comment_status":"closed","ping_status":"closed","template":"","meta":{"footnotes":""},"_links":{"self":[{"href":"https:\/\/www.animobil.be\/index.php\/wp-json\/wp\/v2\/pages\/51"}],"collection":[{"href":"https:\/\/www.animobil.be\/index.php\/wp-json\/wp\/v2\/pages"}],"about":[{"href":"https:\/\/www.animobil.be\/index.php\/wp-json\/wp\/v2\/types\/page"}],"author":[{"embeddable":true,"href":"https:\/\/www.animobil.be\/index.php\/wp-json\/wp\/v2\/users\/1"}],"replies":[{"embeddable":true,"href":"https:\/\/www.animobil.be\/index.php\/wp-json\/wp\/v2\/comments?post=51"}],"version-history":[{"count":26,"href":"https:\/\/www.animobil.be\/index.php\/wp-json\/wp\/v2\/pages\/51\/revisions"}],"predecessor-version":[{"id":473,"href":"https:\/\/www.animobil.be\/index.php\/wp-json\/wp\/v2\/pages\/51\/revisions\/473"}],"wp:attachment":[{"href":"https:\/\/www.animobil.be\/index.php\/wp-json\/wp\/v2\/media?parent=51"}],"curies":[{"name":"wp","href":"https:\/\/api.w.org\/{rel}","templated":true}]}}