{"id":56,"date":"2017-04-19T11:09:39","date_gmt":"2017-04-19T09:09:39","guid":{"rendered":"http:\/\/animobil.be\/?page_id=56"},"modified":"2025-11-04T21:26:11","modified_gmt":"2025-11-04T20:26:11","slug":"tarifs","status":"publish","type":"page","link":"https:\/\/www.animobil.be\/index.php\/tarifs\/","title":{"rendered":"Tarifs"},"content":{"rendered":"<p>Tous nos prix s&rsquo;entendent TVA et assurances comprises.<\/p>\n<h3>Ani&rsquo;Motel : pension et centre de convalescence pour chiens et chats<\/h3>\n<p>Chien &lt; 10 kg = 21\u20ac<br \/>\nChien entre 10 kg et 20 kg = 23\u20ac<br \/>\nChien entre 20 kg et 35 kg = 25\u20ac<br \/>\nChien entre 35 kg et 55 kg = 28\u20ac<br \/>\nChien &gt; 55 kg = 29\u20ac<br \/>\nChat = 14\u20ac<\/p>\n<p>Nourriture Royal Canin comprise<\/p>\n<p>&#8211; 3\u20ac pour un deuxi\u00e8me chat logeant ensemble<br \/>\n&#8211; 4\u20ac pour un deuxi\u00e8me chien logeant ensemble<\/p>\n<p>Garderie pour nos amis les chiens<br \/>\nmax 5h = 8 euros<br \/>\nmax 10h = 16 euros<\/p>\n<p>tarifs \u00e0 partir du 5 janvier 2025<\/p>\n<h3>Transport<\/h3>\n<p>31\u20ac \/ heure au d\u00e9part de votre domicile (min 1 heure). Toute heure commenc\u00e9e \u00e9tant due.<\/p>\n<p>Pour les longs d\u00e9placements (hors zone couverte par Ani\u2019Mobil) : 31\u20ac \/ heure au d\u00e9part de Hoves + 20 euros hors zone<\/p>\n<h3>Gardes \u00e0 domicile<\/h3>\n<h5>Des visites* pour vous aider ou vous remplacer lors de la convalescence de votre animal (max 15km de Hoves).<\/h5>\n<p>&#8211; 1 visite* par jour : 20\u20ac + d\u00e9placement entre 8\u20ac et 15\u20ac selon la distance<\/p>\n<p>&#8211; 2 visites* par jour : 35\u20ac + d\u00e9placement entre 16\u20ac et 30\u20ac selon la distance<\/p>\n<p>&#8211; transport chez le v\u00e9t\u00e9rinaire pendant votre absence : 31 euros<\/p>\n<h5>Des visites* 1 \u00e0 2 fois par jour,\u00a0 \u00e0 domicile pour veiller sur vos animaux quand vous \u00eates en vacances (max 15km de Hoves).<\/h5>\n<p>&#8211; 1 visite* par jour : 20\u20ac + d\u00e9placement entre 8\u20ac et 15\u20ac selon la distance<\/p>\n<p>&#8211; 2 visites* par jour : 35\u20ac + d\u00e9placement entre 16\u20ac et 30\u20ac selon la distance<\/p>\n<p>&#8211; transport chez le v\u00e9t\u00e9rinaire pendant votre absence : 31 euros<\/p>\n<p>* La visite dure en moyenne 1 heure<\/p>\n<h3>Soins<\/h3>\n<p>Frais de d\u00e9placement rayon 10 km : 15 euros<\/p>\n<p>Frais de d\u00e9placement rayon 20 km : 20 euros<\/p>\n<p>Frais de d\u00e9placement rayon 30 km : 25 euros<\/p>\n<p>Coupe ongles\u00a0: 10 euros + frais de d\u00e9placement selon la zone<\/p>\n<p>Tonte chat :\u00a025 euros + frais de d\u00e9placement selon la zone<\/p>\n<p>Soins lapin : 10 euros + frais de d\u00e9placement selon la zone<\/p>\n<p>Changement pansement\u00a0: 15 euros + frais de d\u00e9placement selon la zone<\/p>\n<h3>ASV (100% d\u00e9ductible)<\/h3>\n<p>Remplacement ASV\/ heure : 35 euros ( 27,65 euros HTVA)<\/p>\n<p>En cas de travail r\u00e9gulier ou d&rsquo;un remplacement, une convention sera n\u00e9goci\u00e9e avec un tarif adapt\u00e9.<\/p>\n<h3>Ani&rsquo;Pharma<\/h3>\n<h3><a id=\"set-post-thumbnail\" class=\"thickbox\" href=\"http:\/\/animobil.be\/wp-admin\/media-upload.php?post_id=56&amp;type=image&amp;TB_iframe=1\"><img loading=\"lazy\" decoding=\"async\" class=\"attachment-post-thumbnail alignleft\" src=\"http:\/\/animobil.be\/wp-content\/uploads\/2017\/04\/AniPharma-600x450.jpg\" sizes=\"(max-width: 600px) 100vw, 600px\" srcset=\"http:\/\/animobil.be\/wp-content\/uploads\/2017\/04\/AniPharma-600x450.jpg 600w, http:\/\/animobil.be\/wp-content\/uploads\/2017\/04\/AniPharma-300x225.jpg 300w, http:\/\/animobil.be\/wp-content\/uploads\/2017\/04\/AniPharma-768x576.jpg 768w, http:\/\/animobil.be\/wp-content\/uploads\/2017\/04\/AniPharma-1024x768.jpg 1024w, http:\/\/animobil.be\/wp-content\/uploads\/2017\/04\/AniPharma-945x709.jpg 945w, http:\/\/animobil.be\/wp-content\/uploads\/2017\/04\/AniPharma.jpg 1208w\" alt=\"\" width=\"302\" height=\"227\" \/><\/a><\/h3>\n<p>Ani&rsquo;Pharma est une mallette contenant la pharmacie de base pour votre animal.<br \/>\nThermom\u00e8tre, compresses, bandages, couverture de survie, coldpack instantan\u00e9, pinces \u00e0 tique, d\u00e9sinfectant, pince, ciseau,&#8230;<\/p>\n<p>Prix : 55 euros<\/p>\n<h3><\/h3>\n<h3>Location<\/h3>\n<p>Cage-trappe : 5 euros pour 3 jours ( 25 euros de garantie )<\/p>\n<p><img loading=\"lazy\" decoding=\"async\" class=\"alignnone size-medium wp-image-278\" src=\"http:\/\/animobil.be\/wp-content\/uploads\/2017\/04\/cage-trappe-300x136.jpg\" alt=\"\" width=\"300\" height=\"136\" srcset=\"https:\/\/www.animobil.be\/wp-content\/uploads\/2017\/04\/cage-trappe-300x136.jpg 300w, https:\/\/www.animobil.be\/wp-content\/uploads\/2017\/04\/cage-trappe.jpg 321w\" sizes=\"(max-width: 300px) 100vw, 300px\" \/><\/p>\n","protected":false},"excerpt":{"rendered":"<p>Tous nos prix s&rsquo;entendent TVA et assurances comprises. Ani&rsquo;Motel : pension et centre de convalescence pour chiens et chats Chien &lt; 10 kg = 21\u20ac Chien entre 10 kg et 20 kg = 23\u20ac Chien entre 20 kg et 35&#8230; <a class=\"more-link\" href=\"https:\/\/www.animobil.be\/index.php\/tarifs\/\">Continue Reading &rarr;<\/a><\/p>\n","protected":false},"author":1,"featured_media":0,"parent":0,"menu_order":0,"comment_status":"closed","ping_status":"closed","template":"","meta":{"footnotes":""},"_links":{"self":[{"href":"https:\/\/www.animobil.be\/index.php\/wp-json\/wp\/v2\/pages\/56"}],"collection":[{"href":"https:\/\/www.animobil.be\/index.php\/wp-json\/wp\/v2\/pages"}],"about":[{"href":"https:\/\/www.animobil.be\/index.php\/wp-json\/wp\/v2\/types\/page"}],"author":[{"embeddable":true,"href":"https:\/\/www.animobil.be\/index.php\/wp-json\/wp\/v2\/users\/1"}],"replies":[{"embeddable":true,"href":"https:\/\/www.animobil.be\/index.php\/wp-json\/wp\/v2\/comments?post=56"}],"version-history":[{"count":31,"href":"https:\/\/www.animobil.be\/index.php\/wp-json\/wp\/v2\/pages\/56\/revisions"}],"predecessor-version":[{"id":477,"href":"https:\/\/www.animobil.be\/index.php\/wp-json\/wp\/v2\/pages\/56\/revisions\/477"}],"wp:attachment":[{"href":"https:\/\/www.animobil.be\/index.php\/wp-json\/wp\/v2\/media?parent=56"}],"curies":[{"name":"wp","href":"https:\/\/api.w.org\/{rel}","templated":true}]}}