{"id":57,"date":"2017-04-19T11:09:39","date_gmt":"2017-04-19T09:09:39","guid":{"rendered":"http:\/\/animobil.be\/?page_id=57"},"modified":"2022-11-12T14:26:03","modified_gmt":"2022-11-12T13:26:03","slug":"contact","status":"publish","type":"page","link":"https:\/\/www.animobil.be\/index.php\/contact\/","title":{"rendered":"Contact"},"content":{"rendered":"<p><img loading=\"lazy\" decoding=\"async\" class=\"size-medium wp-image-418 alignnone\" src=\"http:\/\/animobil.be\/wp-content\/uploads\/2019\/06\/AniMobil-300x157.jpg\" alt=\"\" width=\"300\" height=\"157\" srcset=\"https:\/\/www.animobil.be\/wp-content\/uploads\/2019\/06\/AniMobil-300x157.jpg 300w, https:\/\/www.animobil.be\/wp-content\/uploads\/2019\/06\/AniMobil.jpg 591w\" sizes=\"(max-width: 300px) 100vw, 300px\" \/><\/p>\n<p><img loading=\"lazy\" decoding=\"async\" class=\"size-medium wp-image-417 alignnone\" src=\"http:\/\/animobil.be\/wp-content\/uploads\/2019\/06\/AniMotel-300x185.jpg\" alt=\"\" width=\"300\" height=\"185\" srcset=\"https:\/\/www.animobil.be\/wp-content\/uploads\/2019\/06\/AniMotel-300x185.jpg 300w, https:\/\/www.animobil.be\/wp-content\/uploads\/2019\/06\/AniMotel-768x474.jpg 768w, https:\/\/www.animobil.be\/wp-content\/uploads\/2019\/06\/AniMotel-1024x633.jpg 1024w, https:\/\/www.animobil.be\/wp-content\/uploads\/2019\/06\/AniMotel-945x584.jpg 945w, https:\/\/www.animobil.be\/wp-content\/uploads\/2019\/06\/AniMotel-600x371.jpg 600w\" sizes=\"(max-width: 300px) 100vw, 300px\" \/><\/p>\n<p>Pour toutes vos questions ou pour un devis,\u00a0veuillez envoyer un mail \u00e0 <a href=\"mailto:info@animobil.be\">info@animobil.be<\/a><\/p>\n<p>Pour prendre un rendez-vous, veuillez t\u00e9l\u00e9phoner\u00a0au <a href=\"tel:0032472410683\">+32.472.41.06.83<\/a> et laisser vos coordonn\u00e9es<\/p>\n<div role=\"form\" class=\"wpcf7\" id=\"wpcf7-f214-o1\" lang=\"fr-FR\" dir=\"ltr\">\n<div class=\"screen-reader-response\"><p role=\"status\" aria-live=\"polite\" aria-atomic=\"true\"><\/p> <ul><\/ul><\/div>\n<form action=\"\/index.php\/wp-json\/wp\/v2\/pages\/57#wpcf7-f214-o1\" method=\"post\" class=\"wpcf7-form init\" novalidate=\"novalidate\" data-status=\"init\">\n<div style=\"display: none;\">\n<input type=\"hidden\" name=\"_wpcf7\" value=\"214\" \/>\n<input type=\"hidden\" name=\"_wpcf7_version\" value=\"5.6.4\" \/>\n<input type=\"hidden\" name=\"_wpcf7_locale\" value=\"fr_FR\" \/>\n<input type=\"hidden\" name=\"_wpcf7_unit_tag\" value=\"wpcf7-f214-o1\" \/>\n<input type=\"hidden\" name=\"_wpcf7_container_post\" value=\"0\" \/>\n<input type=\"hidden\" name=\"_wpcf7_posted_data_hash\" value=\"\" \/>\n<input type=\"hidden\" name=\"_wpcf7_recaptcha_response\" value=\"\" \/>\n<\/div>\n<p><label> Votre nom (obligatoire)<br \/>\n    <span class=\"wpcf7-form-control-wrap\" data-name=\"your-name\"><input type=\"text\" name=\"your-name\" value=\"\" size=\"40\" class=\"wpcf7-form-control wpcf7-text wpcf7-validates-as-required\" aria-required=\"true\" aria-invalid=\"false\" \/><\/span> <\/label><\/p>\n<p><label> Votre e-mail (obligatoire)<br \/>\n    <span class=\"wpcf7-form-control-wrap\" data-name=\"your-email\"><input type=\"email\" name=\"your-email\" value=\"\" size=\"40\" class=\"wpcf7-form-control wpcf7-text wpcf7-email wpcf7-validates-as-required wpcf7-validates-as-email\" aria-required=\"true\" aria-invalid=\"false\" \/><\/span> <\/label><\/p>\n<p><label> Que puis-je pour vous?<br \/>\n    <span class=\"wpcf7-form-control-wrap\" data-name=\"your-subject\"><input type=\"text\" name=\"your-subject\" value=\"\" size=\"40\" class=\"wpcf7-form-control wpcf7-text\" aria-invalid=\"false\" \/><\/span> <\/label><\/p>\n<p><label> Votre message<br \/>\n    <span class=\"wpcf7-form-control-wrap\" data-name=\"your-message\"><textarea name=\"your-message\" cols=\"40\" rows=\"10\" class=\"wpcf7-form-control wpcf7-textarea\" aria-invalid=\"false\"><\/textarea><\/span> <\/label><\/p>\n<p><input type=\"submit\" value=\"Envoyer\" class=\"wpcf7-form-control has-spinner wpcf7-submit\" \/><\/p>\n<p style=\"display: none !important;\" class=\"akismet-fields-container\" data-prefix=\"_wpcf7_ak_\"><label>&#916;<textarea name=\"_wpcf7_ak_hp_textarea\" cols=\"45\" rows=\"8\" maxlength=\"100\"><\/textarea><\/label><input type=\"hidden\" id=\"ak_js_1\" name=\"_wpcf7_ak_js\" value=\"16\"\/><script>document.getElementById( \"ak_js_1\" ).setAttribute( \"value\", ( new Date() ).getTime() );<\/script><\/p><div class=\"wpcf7-response-output\" aria-hidden=\"true\"><\/div><\/form><\/div>\n","protected":false},"excerpt":{"rendered":"<p>Pour toutes vos questions ou pour un devis,\u00a0veuillez envoyer un mail \u00e0 info@animobil.be Pour prendre un rendez-vous, veuillez t\u00e9l\u00e9phoner\u00a0au +32.472.41.06.83 et laisser vos coordonn\u00e9es<\/p>\n","protected":false},"author":1,"featured_media":0,"parent":0,"menu_order":0,"comment_status":"closed","ping_status":"closed","template":"","meta":{"footnotes":""},"_links":{"self":[{"href":"https:\/\/www.animobil.be\/index.php\/wp-json\/wp\/v2\/pages\/57"}],"collection":[{"href":"https:\/\/www.animobil.be\/index.php\/wp-json\/wp\/v2\/pages"}],"about":[{"href":"https:\/\/www.animobil.be\/index.php\/wp-json\/wp\/v2\/types\/page"}],"author":[{"embeddable":true,"href":"https:\/\/www.animobil.be\/index.php\/wp-json\/wp\/v2\/users\/1"}],"replies":[{"embeddable":true,"href":"https:\/\/www.animobil.be\/index.php\/wp-json\/wp\/v2\/comments?post=57"}],"version-history":[{"count":14,"href":"https:\/\/www.animobil.be\/index.php\/wp-json\/wp\/v2\/pages\/57\/revisions"}],"predecessor-version":[{"id":452,"href":"https:\/\/www.animobil.be\/index.php\/wp-json\/wp\/v2\/pages\/57\/revisions\/452"}],"wp:attachment":[{"href":"https:\/\/www.animobil.be\/index.php\/wp-json\/wp\/v2\/media?parent=57"}],"curies":[{"name":"wp","href":"https:\/\/api.w.org\/{rel}","templated":true}]}}