{"id":58,"date":"2017-04-19T11:09:39","date_gmt":"2017-04-19T09:09:39","guid":{"rendered":"http:\/\/animobil.be\/?page_id=58"},"modified":"2025-11-04T21:25:18","modified_gmt":"2025-11-04T20:25:18","slug":"asv-freelance","status":"publish","type":"page","link":"https:\/\/www.animobil.be\/index.php\/asv-freelance\/","title":{"rendered":"ASV Freelance"},"content":{"rendered":"<h3><strong>Ani\u2019Mobil est l\u00e0 pour vous aider.<\/strong><\/h3>\n<p>Je propose aussi mes services comme ind\u00e9pendante aux v\u00e9t\u00e9rinaires qui ont besoin d\u2019une ASV pour effectuer un remplacement au sein de leur cabinet.<\/p>\n<p>Tout comme pour l&rsquo;achat de votre mat\u00e9riel ou votre voiture, le personnel ou les factures de prestations sont 100% d\u00e9ductibles. Ce qui donnera lors de votre d\u00e9claration fiscale et d&rsquo;INASTI (lois sociales), une diminution de l&rsquo;imp\u00f4t et des lois sociales.<\/p>\n<p>En effet, ceux-ci sont calcul\u00e9s sur votre chiffre d&rsquo;affaire apr\u00e8s avoir d\u00e9duit toutes vos charges. Et le personnel est une charge financi\u00e8re.<\/p>\n<ul>\n<li><strong>One-Shot<\/strong> : un service pour une dur\u00e9e d\u00e9finie suite \u00e0 un surcro\u00eet temporaire de travail, l&rsquo;absence de votre ASV \u00e0 cause d\u2019une maladie ou parce qu&rsquo;il est en vacances.<\/li>\n<li><strong>Regular<\/strong> : un service r\u00e9gulier avec un nombre d\u2019heures fixes par semaine ou par mois.<\/li>\n<li>Gr\u00e2ce \u00e0 un dipl\u00f4me en <strong>graphisme, publicit\u00e9 et \u00e9v\u00e9nementiel,<\/strong> je peux aussi apporter des conseils, cr\u00e9er des flyers ou des supports publicitaires\u2026<\/li>\n<\/ul>\n<h4><strong>Tarifs<\/strong><\/h4>\n<p>Remplacement ASV par heure\u00a0: 35 euros ( 27,65 euros HTVA)<\/p>\n<p>En cas de travail r\u00e9gulier ou d&rsquo;un remplacement, une convention sera n\u00e9goci\u00e9e avec un tarif adapt\u00e9.<\/p>\n<h4 class=\"x_MsoNormal\"><strong>Formations &#8211; Remplacements<\/strong><\/h4>\n<ul>\n<li class=\"x_MsoNormal\">Formation au\u00a0centre v\u00e9t\u00e9rinaire du bois de Bouge \u00e0 Namur<br \/>\nsous les ordres des v\u00e9t\u00e9rinaires H\u00e9l\u00e8ne Biller et Xavier Ramboux<\/li>\n<li class=\"x_MsoNormal\">Formation continue comme ASV \u00e0 l&rsquo;IEPSCF Namur Cadets<\/li>\n<li class=\"x_MsoNormal\">Stage au\u00a0centre v\u00e9t\u00e9rinaire Animalliance \u00e0 Enghien<br \/>\nsous le ordre du v\u00e9t\u00e9rinaire Stefan Degallaix<\/li>\n<li class=\"x_MsoNormal\"><a class=\"_2wma\" href=\"https:\/\/www.facebook.com\/academyvet\/?ref=page_internal\">Formation Premiers Secours Chiens et Chats<\/a><\/li>\n<li>Remplacement \u00e0 la clinique v\u00e9t\u00e9rinaire du SHU \u00e0 Ath<br \/>\nsous les ordres des v\u00e9t\u00e9rinaires Vincent Louvrier et Marie-Aur\u00e9lie Maton<\/li>\n<\/ul>\n<h3>Qualifications et comp\u00e9tences<\/h3>\n<ul>\n<li>Techniques d&rsquo;accueil et organisations bureau\n<ul>\n<li>Accueil<\/li>\n<li>Ma\u00eetrise du programme Fuga<\/li>\n<li>Gestion des stocks<\/li>\n<\/ul>\n<\/li>\n<li>Manipulation et contention des animaux<\/li>\n<li>Gestion des hospitalisations<\/li>\n<li>Pr\u00e9parations et nettoyages des blocs op\u00e9ratoires et des instruments<\/li>\n<li>Assistances en chirurgie<\/li>\n<li>Analyses sanguines sur machine Idexx\n<ul>\n<li>ProCyte DX<\/li>\n<li>Catalyst One<\/li>\n<li>Coag DX<\/li>\n<li>VetStat<\/li>\n<li>SNAPshot<\/li>\n<\/ul>\n<\/li>\n<li>Analyses urinaires<\/li>\n<li>Mises en culture<\/li>\n<li>Connaissances des gammes Royal Canin et Hills ainsi que Virbac, Calibra et Lupovet<\/li>\n<\/ul>\n","protected":false},"excerpt":{"rendered":"<p>Ani\u2019Mobil est l\u00e0 pour vous aider. Je propose aussi mes services comme ind\u00e9pendante aux v\u00e9t\u00e9rinaires qui ont besoin d\u2019une ASV pour effectuer un remplacement au sein de leur cabinet. Tout comme pour l&rsquo;achat de votre mat\u00e9riel ou votre voiture, le&#8230; <a class=\"more-link\" href=\"https:\/\/www.animobil.be\/index.php\/asv-freelance\/\">Continue Reading &rarr;<\/a><\/p>\n","protected":false},"author":1,"featured_media":0,"parent":0,"menu_order":0,"comment_status":"closed","ping_status":"closed","template":"","meta":{"footnotes":""},"_links":{"self":[{"href":"https:\/\/www.animobil.be\/index.php\/wp-json\/wp\/v2\/pages\/58"}],"collection":[{"href":"https:\/\/www.animobil.be\/index.php\/wp-json\/wp\/v2\/pages"}],"about":[{"href":"https:\/\/www.animobil.be\/index.php\/wp-json\/wp\/v2\/types\/page"}],"author":[{"embeddable":true,"href":"https:\/\/www.animobil.be\/index.php\/wp-json\/wp\/v2\/users\/1"}],"replies":[{"embeddable":true,"href":"https:\/\/www.animobil.be\/index.php\/wp-json\/wp\/v2\/comments?post=58"}],"version-history":[{"count":28,"href":"https:\/\/www.animobil.be\/index.php\/wp-json\/wp\/v2\/pages\/58\/revisions"}],"predecessor-version":[{"id":476,"href":"https:\/\/www.animobil.be\/index.php\/wp-json\/wp\/v2\/pages\/58\/revisions\/476"}],"wp:attachment":[{"href":"https:\/\/www.animobil.be\/index.php\/wp-json\/wp\/v2\/media?parent=58"}],"curies":[{"name":"wp","href":"https:\/\/api.w.org\/{rel}","templated":true}]}}